{"id":13,"date":"2022-03-08T17:25:17","date_gmt":"2022-03-08T17:25:17","guid":{"rendered":"https:\/\/feuerwehr-landin.de\/?page_id=13"},"modified":"2025-12-19T16:49:02","modified_gmt":"2025-12-19T16:49:02","slug":"dienstplan","status":"publish","type":"page","link":"https:\/\/feuerwehr-landin.de\/?page_id=13","title":{"rendered":"Dienstplan"},"content":{"rendered":"\n<figure class=\"wp-block-table\"><table><tbody><tr><td>Datum<\/td><td>Tag<\/td><td>Beginn<\/td><td>Thema<\/td><\/tr><tr><td>02.01.26<\/td><td>Fr.<\/td><td>19:00 Uhr<\/td><td>Unterweisung UVV&nbsp;<\/td><\/tr><tr><td>06.01.26<\/td><td>Di.<\/td><td>19:00 Uhr<\/td><td>Technischer Dienst\/Wachbesichtigung SDT<\/td><\/tr><tr><td>16.01.26<\/td><td>Fr.<\/td><td>17:45 Uhr<\/td><td>H:Kommunal-Weihnachtsbaumverbrennung<\/td><\/tr><tr><td>30.01.26<\/td><td>Fr.<\/td><td>19:00 Uhr<\/td><td>Atemschutzunterweisung gem\u00e4\u00df FwDV 7<\/td><\/tr><tr><td>03.02.26<\/td><td>Di.<\/td><td>19:00 Uhr<\/td><td>Technischer Dienst<\/td><\/tr><tr><td>13.02.26<\/td><td>Fr.<\/td><td>19:00 Uhr<\/td><td>Unterweisung Gaswarnger\u00e4te-T 021\/023<\/td><\/tr><tr><td>27.02.26<\/td><td>Fr.<\/td><td>18:00 Uhr<\/td><td>Jahreshauptversammlung<\/td><\/tr><tr><td>03.03.26<\/td><td>Di.<\/td><td>19:00 Uhr<\/td><td>Technischer Dienst<\/td><\/tr><tr><td>07.03.26<\/td><td>Sa.<\/td><td>09:00 Uhr<\/td><td>Fr\u00fchjahrsputz<\/td><\/tr><tr><td>13.03.26<\/td><td>Fr.<\/td><td>19:00 Uhr<\/td><td>Unterweisung Maschinisten&nbsp;<\/td><\/tr><tr><td>27.03.26<\/td><td>Fr.<\/td><td>19:00 Uhr<\/td><td>Ger\u00e4tekunde<\/td><\/tr><tr><td>07.04.26<\/td><td>Di.<\/td><td>19:00 Uhr<\/td><td>Technischer Dienst<\/td><\/tr><tr><td>10.04.26<\/td><td>Fr.<\/td><td>19:00 Uhr<\/td><td>FwDV 10 &#8211; Tragbare Leitern<\/td><\/tr><tr><td>24.04.26<\/td><td>Fr.<\/td><td>19:00 Uhr<\/td><td>Vorbereitung Leistungsabzeichen FwDV 3<\/td><\/tr><tr><td>25.04.26<\/td><td>Sa.<\/td><td>09:00 Uhr<\/td><td>Leistungsabnahme in Pinnow<\/td><\/tr><tr><td>05.05.26<\/td><td>Di.<\/td><td>19:00 Uhr<\/td><td>Technischer Dienst<\/td><\/tr><tr><td>08.05.26<\/td><td>Fr.<\/td><td>19:00 Uhr<\/td><td>L\u00f6schwasserf\u00f6rderung<\/td><\/tr><tr><td>22.05.26<\/td><td>Fr.<\/td><td>B. e. n.<\/td><td>Einsatz\u00fcbung gem\u00e4\u00df FwDV 7-\u00dcbungsobjekt<\/td><\/tr><tr><td>02.06.26<\/td><td>Di.<\/td><td>19:00 Uhr<\/td><td>Technischer Dienst<\/td><\/tr><tr><td>05.06.26<\/td><td>Fr.<\/td><td>19:00 Uhr<\/td><td>Vorbereitung &#8211; Tag der offenen T\u00fcr<\/td><\/tr><tr><td>06.06.26<\/td><td>Sa.<\/td><td>&nbsp;<\/td><td>Tag der offenen T\u00fcr &#8211; Kinderfest<\/td><\/tr><tr><td>19.06.26<\/td><td>Fr.<\/td><td>&nbsp;19:00 Uhr<\/td><td>Vegetationsbrandbek\u00e4mpfg.\/Pump and Roll<\/td><\/tr><\/tbody><\/table><\/figure>\n\n\n\n<div class=\"wp-block-group\"><div class=\"wp-block-group__inner-container is-layout-constrained wp-block-group-is-layout-constrained\">\n<div class=\"wp-block-columns is-layout-flex wp-container-core-columns-is-layout-9d6595d7 wp-block-columns-is-layout-flex\">\n<div class=\"wp-block-column is-layout-flow wp-block-column-is-layout-flow\">\n<figure class=\"wp-block-table\"><table><tbody><tr><td class=\"has-text-align-center\" data-align=\"center\" colspan=\"5\">\u00c4NDERUNGEN VORBEHALTEN !!!<\/td><\/tr><\/tbody><\/table><\/figure>\n<\/div>\n<\/div>\n<\/div><\/div>\n","protected":false},"excerpt":{"rendered":"<p>Datum Tag Beginn Thema 02.01.26 Fr. 19:00 Uhr Unterweisung UVV&nbsp; 06.01.26 Di. 19:00 Uhr Technischer Dienst\/Wachbesichtigung SDT 16.01.26 Fr. 17:45 Uhr H:Kommunal-Weihnachtsbaumverbrennung 30.01.26 Fr. 19:00 Uhr Atemschutzunterweisung gem\u00e4\u00df FwDV 7 03.02.26 Di. 19:00 Uhr Technischer Dienst 13.02.26 Fr. 19:00 Uhr &hellip; <a href=\"https:\/\/feuerwehr-landin.de\/?page_id=13\">Weiterlesen <span class=\"meta-nav\">&rarr;<\/span><\/a><\/p>\n","protected":false},"author":1,"featured_media":0,"parent":0,"menu_order":0,"comment_status":"closed","ping_status":"closed","template":"","meta":{"footnotes":""},"class_list":["post-13","page","type-page","status-publish","hentry"],"_links":{"self":[{"href":"https:\/\/feuerwehr-landin.de\/index.php?rest_route=\/wp\/v2\/pages\/13","targetHints":{"allow":["GET"]}}],"collection":[{"href":"https:\/\/feuerwehr-landin.de\/index.php?rest_route=\/wp\/v2\/pages"}],"about":[{"href":"https:\/\/feuerwehr-landin.de\/index.php?rest_route=\/wp\/v2\/types\/page"}],"author":[{"embeddable":true,"href":"https:\/\/feuerwehr-landin.de\/index.php?rest_route=\/wp\/v2\/users\/1"}],"replies":[{"embeddable":true,"href":"https:\/\/feuerwehr-landin.de\/index.php?rest_route=%2Fwp%2Fv2%2Fcomments&post=13"}],"version-history":[{"count":14,"href":"https:\/\/feuerwehr-landin.de\/index.php?rest_route=\/wp\/v2\/pages\/13\/revisions"}],"predecessor-version":[{"id":280,"href":"https:\/\/feuerwehr-landin.de\/index.php?rest_route=\/wp\/v2\/pages\/13\/revisions\/280"}],"wp:attachment":[{"href":"https:\/\/feuerwehr-landin.de\/index.php?rest_route=%2Fwp%2Fv2%2Fmedia&parent=13"}],"curies":[{"name":"wp","href":"https:\/\/api.w.org\/{rel}","templated":true}]}}