{"id":226,"date":"2025-01-02T11:15:46","date_gmt":"2025-01-02T11:15:46","guid":{"rendered":"https:\/\/feuerwehr-landin.de\/?page_id=226"},"modified":"2025-01-02T11:18:59","modified_gmt":"2025-01-02T11:18:59","slug":"2024-2","status":"publish","type":"page","link":"https:\/\/feuerwehr-landin.de\/?page_id=226","title":{"rendered":"2024"},"content":{"rendered":"\n<p><strong>019\/2024<\/strong><\/p>\n\n\n\n<p>24.11.2024 Verkehrsunfall mit Personenschaden<\/p>\n\n\n\n<p><strong>Pinnow<\/strong><\/p>\n\n\n\n<p><strong>018\/2024<\/strong><\/p>\n\n\n\n<p>08.11.2024 Ausl\u00f6sung einer Brandmeldeanlage<\/p>\n\n\n\n<p><strong>Pinnow<\/strong><\/p>\n\n\n\n<p><strong>017\/2024<\/strong><\/p>\n\n\n\n<p>21.10.2024 Hilfeleistung Beseitigung einer \u00d6lspur<\/p>\n\n\n\n<p><strong>Landin<\/strong><\/p>\n\n\n\n<p><strong>016\/2024<\/strong> <\/p>\n\n\n\n<p>17.07.2024 Ausl\u00f6sung einer Brandmeldeanlage<\/p>\n\n\n\n<p><strong>Pinnow<\/strong><\/p>\n\n\n\n<p><strong>015\/2024<\/strong> Hilfeleistung Beseitigung einer \u00d6lspur<\/p>\n\n\n\n<p>15.07.2024<\/p>\n\n\n\n<p><strong>Landin<\/strong><\/p>\n\n\n\n<p><strong>014\/2024<\/strong> Hilfeleistung Natur nach Sturm und Regen<\/p>\n\n\n\n<p>06.07.2024<\/p>\n\n\n\n<p><strong>Landin<\/strong><\/p>\n\n\n\n<p><strong>013\/2024<\/strong> Hilfeleistung Natur nach Sturm und Regen<\/p>\n\n\n\n<p>06.07.2024<\/p>\n\n\n\n<p><strong>Passow<\/strong><\/p>\n\n\n\n<p><strong>012\/2024<\/strong> Hilfeleistung Natur nach Sturm und Regen<\/p>\n\n\n\n<p>06.07.2024<\/p>\n\n\n\n<p><strong>Passow<\/strong><\/p>\n\n\n\n<p><strong>011\/2024<\/strong> Hilfeleistung Natur nach Sturm und Regen<\/p>\n\n\n\n<p>06.07.2024<\/p>\n\n\n\n<p><strong>Landin<\/strong><\/p>\n\n\n\n<p><strong>010\/2024<\/strong> Hilfeleistung Natur nach Sturm und Regen<\/p>\n\n\n\n<p>06.07.2024<\/p>\n\n\n\n<p><strong>Landin<\/strong><\/p>\n\n\n\n<p><strong>009\/2024<\/strong> Verkehrsunfall mit Personenschaden<\/p>\n\n\n\n<p>30.06.2024<\/p>\n\n\n\n<p><strong>B2<\/strong><\/p>\n\n\n\n<p><strong>008\/2024<\/strong> Verkehrsunfall mit Personenschaden<\/p>\n\n\n\n<p>20.05.2024<\/p>\n\n\n\n<p><strong>Pinnow<\/strong><\/p>\n\n\n\n<p><strong>007\/2024<\/strong> Verkehrsunfall ohne Personenschaden<\/p>\n\n\n\n<p>14.01.2024 <\/p>\n\n\n\n<p><strong>006\/2024<\/strong> Brand Geb\u00e4ude gro\u00df(ausgel\u00f6ster Heimrauchmelder)<\/p>\n\n\n\n<p>11.05.2024<\/p>\n\n\n\n<p><strong>Passow<\/strong><\/p>\n\n\n\n<p><strong>005\/2024<\/strong> Verkehrsunfall mit Personenschaden<\/p>\n\n\n\n<p>07.05.2024<\/p>\n\n\n\n<p><strong>Landin<\/strong><\/p>\n\n\n\n<p><strong>004\/2024<\/strong> Verkehrsunfall ohne Personenschaden<\/p>\n\n\n\n<p>14.01.2024 <\/p>\n\n\n\n<p><strong>B 2 h\u00f6he Landin<\/strong><\/p>\n\n\n\n<p><strong>003\/2024<\/strong> Ausl\u00f6sung einer Brandmeldeanlage<\/p>\n\n\n\n<p>14.01.2024 <\/p>\n\n\n\n<p><strong>Pinnow<\/strong><\/p>\n\n\n\n<p><strong>002\/2024<\/strong> Verkehrsunfall ohne Personenschaden<\/p>\n\n\n\n<p>14.01.2024 <\/p>\n\n\n\n<p><strong>Schwedt\/Oder<\/strong><\/p>\n\n\n\n<p><strong>001\/2024<\/strong> Hilfeleistung Natur(B\u00e4ume drohen)<\/p>\n\n\n\n<p>03.01.2024 <\/p>\n\n\n\n<p><strong>Landin<\/strong><\/p>\n","protected":false},"excerpt":{"rendered":"<p>019\/2024 24.11.2024 Verkehrsunfall mit Personenschaden Pinnow 018\/2024 08.11.2024 Ausl\u00f6sung einer Brandmeldeanlage Pinnow 017\/2024 21.10.2024 Hilfeleistung Beseitigung einer \u00d6lspur Landin 016\/2024 17.07.2024 Ausl\u00f6sung einer Brandmeldeanlage Pinnow 015\/2024 Hilfeleistung Beseitigung einer \u00d6lspur 15.07.2024 Landin 014\/2024 Hilfeleistung Natur nach Sturm und Regen 06.07.2024 &hellip; <a href=\"https:\/\/feuerwehr-landin.de\/?page_id=226\">Weiterlesen <span class=\"meta-nav\">&rarr;<\/span><\/a><\/p>\n","protected":false},"author":1,"featured_media":0,"parent":0,"menu_order":0,"comment_status":"closed","ping_status":"closed","template":"","meta":{"footnotes":""},"class_list":["post-226","page","type-page","status-publish","hentry"],"_links":{"self":[{"href":"https:\/\/feuerwehr-landin.de\/index.php?rest_route=\/wp\/v2\/pages\/226","targetHints":{"allow":["GET"]}}],"collection":[{"href":"https:\/\/feuerwehr-landin.de\/index.php?rest_route=\/wp\/v2\/pages"}],"about":[{"href":"https:\/\/feuerwehr-landin.de\/index.php?rest_route=\/wp\/v2\/types\/page"}],"author":[{"embeddable":true,"href":"https:\/\/feuerwehr-landin.de\/index.php?rest_route=\/wp\/v2\/users\/1"}],"replies":[{"embeddable":true,"href":"https:\/\/feuerwehr-landin.de\/index.php?rest_route=%2Fwp%2Fv2%2Fcomments&post=226"}],"version-history":[{"count":2,"href":"https:\/\/feuerwehr-landin.de\/index.php?rest_route=\/wp\/v2\/pages\/226\/revisions"}],"predecessor-version":[{"id":230,"href":"https:\/\/feuerwehr-landin.de\/index.php?rest_route=\/wp\/v2\/pages\/226\/revisions\/230"}],"wp:attachment":[{"href":"https:\/\/feuerwehr-landin.de\/index.php?rest_route=%2Fwp%2Fv2%2Fmedia&parent=226"}],"curies":[{"name":"wp","href":"https:\/\/api.w.org\/{rel}","templated":true}]}}