{"id":288,"date":"2026-03-18T07:58:54","date_gmt":"2026-03-18T07:58:54","guid":{"rendered":"https:\/\/feuerwehr-landin.de\/?page_id=288"},"modified":"2026-03-18T08:00:04","modified_gmt":"2026-03-18T08:00:04","slug":"2025-2","status":"publish","type":"page","link":"https:\/\/feuerwehr-landin.de\/?page_id=288","title":{"rendered":"2025"},"content":{"rendered":"\n<p><strong>027\/2025<\/strong><\/p>\n\n\n\n<p>29.12.2025 T\u00fcrnot\u00f6ffnung<\/p>\n\n\n\n<p><strong>Pinnow<\/strong><\/p>\n\n\n\n<p><strong>026\/2025<\/strong><\/p>\n\n\n\n<p>17.10.2025 Hilfeleistung Kommunal<\/p>\n\n\n\n<p><strong>Landin<\/strong><\/p>\n\n\n\n<p><strong>025\/2025<\/strong><\/p>\n\n\n\n<p>14.10.2025 T\u00fcrnot\u00f6ffnung<\/p>\n\n\n\n<p><strong>Landin<\/strong><\/p>\n\n\n\n<p><strong>024\/2025<\/strong><\/p>\n\n\n\n<p>16.09.2025 Baumsperre<\/p>\n\n\n\n<p><strong>Landin<\/strong><\/p>\n\n\n\n<p><strong>023\/2025<\/strong><\/p>\n\n\n\n<p>07.08.2025 B166 Verkehrsunfall LKW \/ BUS (am PCK)<\/p>\n\n\n\n<p><strong>Schwedt<\/strong><\/p>\n\n\n\n<p><strong>022\/2025<\/strong><\/p>\n\n\n\n<p>03.07.2025 Brand einer Stohpress<\/p>\n\n\n\n<p><strong>Landin<\/strong><\/p>\n\n\n\n<p><strong>021\/2025<\/strong><\/p>\n\n\n\n<p>02.07.2025 Brand einer Stohpress<\/p>\n\n\n\n<p><strong>Landin<\/strong><\/p>\n\n\n\n<p><strong>020\/2025<\/strong><\/p>\n\n\n\n<p>24.06.2025 Verkehrsunfall mit Personenschaden in der Ortslage Pinnow<\/p>\n\n\n\n<p><strong>Pinnow<\/strong><\/p>\n\n\n\n<p><strong>019\/2025<\/strong><\/p>\n\n\n\n<p>23.06.2025 Hilfeleistung Natur Umgekippter Baum<\/p>\n\n\n\n<p><strong>Landin<\/strong><\/p>\n\n\n\n<p><strong>018\/2025<\/strong><\/p>\n\n\n\n<p>02.06.2025 Verkehrsunfall mit Personenschaden in der Ortslage Pinnow<\/p>\n\n\n\n<p><strong>Pinnow<\/strong><\/p>\n\n\n\n<p><strong>017\/2025<\/strong><\/p>\n\n\n\n<p>02.05.2025 Verkehrsunfall ohne Personenschaden auf der B2 <\/p>\n\n\n\n<p><strong>Pinnow<\/strong><\/p>\n\n\n\n<p><strong>016\/2025<\/strong><\/p>\n\n\n\n<p>30.04.2025 Tragehilfe f\u00fcr den Rettungsdienst<\/p>\n\n\n\n<p><strong>Pinnow<\/strong><\/p>\n\n\n\n<p><strong>015\/2025<\/strong><\/p>\n\n\n\n<p>11.04.2025 Brand Geb\u00e4ude gro\u00df Einsatz\u00fcbung der Feuerwehr Landin<\/p>\n\n\n\n<p><strong>Landin<\/strong><\/p>\n\n\n\n<p><strong>014\/2025<\/strong><\/p>\n\n\n\n<p>07.04.2025 Verkehrsunfall mit Personenschaden auf der B2<\/p>\n\n\n\n<p><strong>Landin<\/strong><\/p>\n\n\n\n<p><strong>013\/2025<\/strong><\/p>\n\n\n\n<p>19.03.2025 Ausl\u00f6sung einer Brandmeldeanlage<\/p>\n\n\n\n<p><strong>Pinnow<\/strong><\/p>\n\n\n\n<p><strong>012\/2025<\/strong><\/p>\n\n\n\n<p>03.03.2025 Tierrettung<\/p>\n\n\n\n<p><strong>Landin<\/strong><\/p>\n\n\n\n<p><strong>011\/2025<\/strong><\/p>\n\n\n\n<p>28.02.2025 Verkehrsunfall LKW &#8211; Bus B2 in H\u00f6he Landin<\/p>\n\n\n\n<p><strong>Landin<\/strong><\/p>\n\n\n\n<p><strong>010\/2025<\/strong><\/p>\n\n\n\n<p>22.02.2025 Brand Geb\u00e4ude gro\u00df (Scheunenbrand im OT Stendell)<\/p>\n\n\n\n<p><strong>Stendell<\/strong><\/p>\n\n\n\n<p><strong>009\/2025<\/strong><\/p>\n\n\n\n<p>20.02.2025 Ausl\u00f6sung einer Brandmeldeanlage<\/p>\n\n\n\n<p><strong>Pinnow<\/strong><\/p>\n\n\n\n<p><strong>008\/2025<\/strong><\/p>\n\n\n\n<p>14.02.2025 Verkehrsunfall mit Personenschaden auf der B2 \/ PKW \u00fcberschlagen<\/p>\n\n\n\n<p><strong>Landin<\/strong><\/p>\n\n\n\n<p><strong>007\/2025<\/strong><\/p>\n\n\n\n<p>04.02.2025 Ausl\u00f6sung einer Brandmeldeanlage<\/p>\n\n\n\n<p><strong>Pinnow<\/strong><\/p>\n\n\n\n<p><strong>006\/2025<\/strong><\/p>\n\n\n\n<p>03.02.2025 Tragehilfe f\u00fcr den Rettungsdienst<\/p>\n\n\n\n<p><strong>Landin<\/strong><\/p>\n\n\n\n<p><strong>005\/2025<\/strong><\/p>\n\n\n\n<p>27.01.2025 Hilfeleistung<\/p>\n\n\n\n<p><strong>Landin<\/strong><\/p>\n\n\n\n<p><strong>004\/2025<\/strong><\/p>\n\n\n\n<p>24.01.2025 Verkehrsunfall mit Personenschaden(Fehlmeldung)<\/p>\n\n\n\n<p><strong>Heinersdorf<\/strong><\/p>\n\n\n\n<p><strong>003\/2025<\/strong><\/p>\n\n\n\n<p>24.01.2025 Schornsteinbrand<\/p>\n\n\n\n<p><strong>Heinersdorf<\/strong><\/p>\n\n\n\n<p><strong>002\/2025<\/strong><\/p>\n\n\n\n<p>21.01.2025 Verkehrsunfall ohne Personenschaden PKW &#8211; Bahn<\/p>\n\n\n\n<p><strong>Pinnow<\/strong><\/p>\n\n\n\n<p><strong>001\/2025<\/strong><\/p>\n\n\n\n<p>20.01.2025 Gasgeruch im Wohnhaus<\/p>\n","protected":false},"excerpt":{"rendered":"<p>027\/2025 29.12.2025 T\u00fcrnot\u00f6ffnung Pinnow 026\/2025 17.10.2025 Hilfeleistung Kommunal Landin 025\/2025 14.10.2025 T\u00fcrnot\u00f6ffnung Landin 024\/2025 16.09.2025 Baumsperre Landin 023\/2025 07.08.2025 B166 Verkehrsunfall LKW \/ BUS (am PCK) Schwedt 022\/2025 03.07.2025 Brand einer Stohpress Landin 021\/2025 02.07.2025 Brand einer Stohpress Landin 020\/2025 &hellip; <a href=\"https:\/\/feuerwehr-landin.de\/?page_id=288\">Weiterlesen <span class=\"meta-nav\">&rarr;<\/span><\/a><\/p>\n","protected":false},"author":1,"featured_media":0,"parent":0,"menu_order":0,"comment_status":"closed","ping_status":"closed","template":"","meta":{"footnotes":""},"class_list":["post-288","page","type-page","status-publish","hentry"],"_links":{"self":[{"href":"https:\/\/feuerwehr-landin.de\/index.php?rest_route=\/wp\/v2\/pages\/288","targetHints":{"allow":["GET"]}}],"collection":[{"href":"https:\/\/feuerwehr-landin.de\/index.php?rest_route=\/wp\/v2\/pages"}],"about":[{"href":"https:\/\/feuerwehr-landin.de\/index.php?rest_route=\/wp\/v2\/types\/page"}],"author":[{"embeddable":true,"href":"https:\/\/feuerwehr-landin.de\/index.php?rest_route=\/wp\/v2\/users\/1"}],"replies":[{"embeddable":true,"href":"https:\/\/feuerwehr-landin.de\/index.php?rest_route=%2Fwp%2Fv2%2Fcomments&post=288"}],"version-history":[{"count":2,"href":"https:\/\/feuerwehr-landin.de\/index.php?rest_route=\/wp\/v2\/pages\/288\/revisions"}],"predecessor-version":[{"id":290,"href":"https:\/\/feuerwehr-landin.de\/index.php?rest_route=\/wp\/v2\/pages\/288\/revisions\/290"}],"wp:attachment":[{"href":"https:\/\/feuerwehr-landin.de\/index.php?rest_route=%2Fwp%2Fv2%2Fmedia&parent=288"}],"curies":[{"name":"wp","href":"https:\/\/api.w.org\/{rel}","templated":true}]}}