{"id":61,"date":"2022-03-09T15:10:18","date_gmt":"2022-03-09T15:10:18","guid":{"rendered":"https:\/\/feuerwehr-landin.de\/?page_id=61"},"modified":"2022-03-09T15:10:18","modified_gmt":"2022-03-09T15:10:18","slug":"2016-2","status":"publish","type":"page","link":"https:\/\/feuerwehr-landin.de\/?page_id=61","title":{"rendered":"2016"},"content":{"rendered":"\n<figure class=\"wp-block-table\"><table><thead><tr><td><strong>Nr.<\/strong><\/td><td><strong>Datum<\/strong><\/td><td><strong>Einsatzort<\/strong><\/td><td><strong>Art des Einsatzes<\/strong><\/td><\/tr><\/thead><tbody><tr><td>1<\/td><td>10.01.2016<\/td><td>Landin<\/td><td>Brand klein: Schrankwand brennt<\/td><\/tr><tr><td>2<\/td><td>15.02.2016<\/td><td>Landin<\/td><td>Weihnachtsbaumverbr.<\/td><\/tr><tr><td>3<\/td><td>12.02.2016<\/td><td>Landin<\/td><td>\u00d6lspur<\/td><\/tr><tr><td>4<\/td><td>18.02.2016<\/td><td>Pinnow<\/td><td>T\u00fcrnot\u00f6ffnung<\/td><\/tr><tr><td>5<\/td><td>02.03.2016<\/td><td>Landin<\/td><td>auslaufende Betriebsstoffe nach VKU<\/td><\/tr><tr><td>6<\/td><td>17.03.2016<\/td><td>Gr\u00fcnow-Passow<\/td><td>\u00d6lspur nach Unfall<\/td><\/tr><tr><td>7<\/td><td>24.03.2016<\/td><td>Landin<\/td><td>Absicherung Osterfeuer<\/td><\/tr><tr><td>8<\/td><td>04.04.2016<\/td><td>Pinnow<\/td><td>Brand einer Gartenlaube<\/td><\/tr><tr><td>9<\/td><td>08.04.2016<\/td><td>Pinnow<\/td><td>VU mit P Kreisverkehr<\/td><\/tr><tr><td>10<\/td><td>11.04.2016<\/td><td>Sch\u00f6nermark<\/td><td>Tragehilfe Rettungsdienst<\/td><\/tr><tr><td>11<\/td><td>14.04.2016<\/td><td>Landin<\/td><td>VU mit P<\/td><\/tr><tr><td>12<\/td><td>22.05.2016<\/td><td>Landin<\/td><td>Brand klein<\/td><\/tr><tr><td>13<\/td><td>29.05.2016<\/td><td>Sch\u00f6nermark<\/td><td>\u00d6lspur<\/td><\/tr><tr><td>14<\/td><td>30.06.2016<\/td><td>Pinnow -Frauenhagen<\/td><td>VU mit P<\/td><\/tr><tr><td>15<\/td><td>08.07.2016<\/td><td>Passow\/Gr\u00fcnow<\/td><td>Brand einer Strohpresse<\/td><\/tr><tr><td>16<\/td><td>14.07.2016<\/td><td>Pinnow<\/td><td>Brand klein (Nammo Buck)<\/td><\/tr><tr><td>17<\/td><td>16.08.2016<\/td><td>Pinnow<\/td><td>\u00d6lspur B2 Richtung Angerm\u00fcnde<\/td><\/tr><tr><td>18<\/td><td>06.09.2016<\/td><td>Gr\u00fcnow<\/td><td>\u00d6lspur Richtung Passow<\/td><\/tr><tr><td>19<\/td><td>11.10.2016<\/td><td>Pinnow<\/td><td>VU mit Personenschaden H\u00f6he Deponie<\/td><\/tr><tr><td>20<\/td><td>12.10.2016<\/td><td>Pinnow<\/td><td>Brenn Container auf M\u00fclldeponie<\/td><\/tr><tr><td>21<\/td><td>11.11.2016<\/td><td>Sch\u00f6nermark<\/td><td>Brand einer Strohmiete<\/td><\/tr><tr><td>22<\/td><td>17.12.2016<\/td><td>Pinnow<\/td><td>PKW Brand in Garage<\/td><\/tr><\/tbody><\/table><\/figure>\n","protected":false},"excerpt":{"rendered":"<p>Nr. Datum Einsatzort Art des Einsatzes 1 10.01.2016 Landin Brand klein: Schrankwand brennt 2 15.02.2016 Landin Weihnachtsbaumverbr. 3 12.02.2016 Landin \u00d6lspur 4 18.02.2016 Pinnow T\u00fcrnot\u00f6ffnung 5 02.03.2016 Landin auslaufende Betriebsstoffe nach VKU 6 17.03.2016 Gr\u00fcnow-Passow \u00d6lspur nach Unfall 7 24.03.2016 &hellip; <a href=\"https:\/\/feuerwehr-landin.de\/?page_id=61\">Weiterlesen <span class=\"meta-nav\">&rarr;<\/span><\/a><\/p>\n","protected":false},"author":1,"featured_media":0,"parent":0,"menu_order":0,"comment_status":"closed","ping_status":"closed","template":"","meta":{"footnotes":""},"class_list":["post-61","page","type-page","status-publish","hentry"],"_links":{"self":[{"href":"https:\/\/feuerwehr-landin.de\/index.php?rest_route=\/wp\/v2\/pages\/61","targetHints":{"allow":["GET"]}}],"collection":[{"href":"https:\/\/feuerwehr-landin.de\/index.php?rest_route=\/wp\/v2\/pages"}],"about":[{"href":"https:\/\/feuerwehr-landin.de\/index.php?rest_route=\/wp\/v2\/types\/page"}],"author":[{"embeddable":true,"href":"https:\/\/feuerwehr-landin.de\/index.php?rest_route=\/wp\/v2\/users\/1"}],"replies":[{"embeddable":true,"href":"https:\/\/feuerwehr-landin.de\/index.php?rest_route=%2Fwp%2Fv2%2Fcomments&post=61"}],"version-history":[{"count":1,"href":"https:\/\/feuerwehr-landin.de\/index.php?rest_route=\/wp\/v2\/pages\/61\/revisions"}],"predecessor-version":[{"id":62,"href":"https:\/\/feuerwehr-landin.de\/index.php?rest_route=\/wp\/v2\/pages\/61\/revisions\/62"}],"wp:attachment":[{"href":"https:\/\/feuerwehr-landin.de\/index.php?rest_route=%2Fwp%2Fv2%2Fmedia&parent=61"}],"curies":[{"name":"wp","href":"https:\/\/api.w.org\/{rel}","templated":true}]}}