{"id":63,"date":"2022-03-09T15:11:07","date_gmt":"2022-03-09T15:11:07","guid":{"rendered":"https:\/\/feuerwehr-landin.de\/?page_id=63"},"modified":"2022-03-09T15:11:07","modified_gmt":"2022-03-09T15:11:07","slug":"2017-2","status":"publish","type":"page","link":"https:\/\/feuerwehr-landin.de\/?page_id=63","title":{"rendered":"2017"},"content":{"rendered":"\n<h2 class=\"wp-block-heading\">Eins\u00e4tze<\/h2>\n\n\n\n<h5 class=\"wp-block-heading\">44\/17 B: Geb\u00e4ude-Gross Scheunenbrand<\/h5>\n\n\n\n<p>29.12.2017<\/p>\n\n\n\n<h5 class=\"wp-block-heading\">Passow-Wedemark<\/h5>\n\n\n\n<h5 class=\"wp-block-heading\">43\/17 Hilfeleistung \u00d6l Land<\/h5>\n\n\n\n<p>12.12.2017<\/p>\n\n\n\n<h5 class=\"wp-block-heading\">Pinnow &#8211; Frauenhagen<\/h5>\n\n\n\n<h5 class=\"wp-block-heading\">42\/17 Hilfeleistung \u00d6l Land<\/h5>\n\n\n\n<p>21.11.2017<\/p>\n\n\n\n<h5 class=\"wp-block-heading\">Niederlandin<\/h5>\n\n\n\n<h5 class=\"wp-block-heading\">41\/17 Absicherung Halloweenfest Kita<\/h5>\n\n\n\n<p>03.10.2017<\/p>\n\n\n\n<h5 class=\"wp-block-heading\">Hohenlandin<\/h5>\n\n\n\n<h5 class=\"wp-block-heading\">40\/17 Brand Geb\u00e4ude gro\u00df<\/h5>\n\n\n\n<p>03.10.2017<\/p>\n\n\n\n<h5 class=\"wp-block-heading\">Niederlandin&nbsp; <a href=\"http:\/\/www.moz.de\/landkreise\/uckermark\/schwedt-und-angermuende\/artikel90\/dg\/0\/1\/1616005\/\" target=\"_blank\" rel=\"noreferrer noopener\">Bericht der M\u00e4rkischen Oderzeitung<\/a><\/h5>\n\n\n\n<h5 class=\"wp-block-heading\">39\/17 Hilfeleistung Natur Baum droht<\/h5>\n\n\n\n<p>07.10.2017<\/p>\n\n\n\n<h5 class=\"wp-block-heading\">Hohenlandin<\/h5>\n\n\n\n<h5 class=\"wp-block-heading\">38\/17 Hilfeleistung Natur Baum droht<\/h5>\n\n\n\n<p>07.10.2017<\/p>\n\n\n\n<h5 class=\"wp-block-heading\">Niederlandin Richtg. Julienwalde<\/h5>\n\n\n\n<h5 class=\"wp-block-heading\">37\/17 Hilfeleistung Natur<\/h5>\n\n\n\n<p>07.10.2017<\/p>\n\n\n\n<h5 class=\"wp-block-heading\">Julienwalde<\/h5>\n\n\n\n<h5 class=\"wp-block-heading\">19 &#8211; 36\/17 Beseitigung von Sturmsch\u00e4den<\/h5>\n\n\n\n<p>05.10.2017 &#8211; ca. 17:30Uhr<\/p>\n\n\n\n<h5 class=\"wp-block-heading\">Bereich Landin und Pinnow<\/h5>\n\n\n\n<h5 class=\"wp-block-heading\"><strong>18\/17 Einsatz\u00fcbung Explosion im Industriegebiet<\/strong><\/h5>\n\n\n\n<p>04.09.2017 &#8211; 17:30 Uhr<\/p>\n\n\n\n<h5 class=\"wp-block-heading\">Pinnow<\/h5>\n\n\n\n<h5 class=\"wp-block-heading\"><strong>17\/17 Hilfeleistung Natur Abgebrochene \u00c4ste nach Unwetter<\/strong><\/h5>\n\n\n\n<p>18.08.2017 &#8211; 18:46 Uhr<\/p>\n\n\n\n<h5 class=\"wp-block-heading\">Landin<\/h5>\n\n\n\n<h5 class=\"wp-block-heading\"><strong>16\/17 Hilfeleistung Rettung einer Person \u00fcber DLK<\/strong><\/h5>\n\n\n\n<p>15.08.2017 &#8211; 08:55 Uhr<\/p>\n\n\n\n<h5 class=\"wp-block-heading\">Berkholz<\/h5>\n\n\n\n<h5 class=\"wp-block-heading\"><strong>15\/17 B: Geb\u00e4ude gro\u00df nach Blitzeinschlag<\/strong><\/h5>\n\n\n\n<p>20.07.2017 &#8211; 19:06 Uhr<\/p>\n\n\n\n<h5 class=\"wp-block-heading\">Felchow<\/h5>\n\n\n\n<h5 class=\"wp-block-heading\"><strong>14\/17 B: Fl\u00e4che<\/strong><\/h5>\n\n\n\n<p>06.06.2017 &#8211; 09:39 Uhr<\/p>\n\n\n\n<h5 class=\"wp-block-heading\">Pinnow<\/h5>\n\n\n\n<h5 class=\"wp-block-heading\"><strong>13\/17 B: klein<\/strong><\/h5>\n\n\n\n<p>01.05.2017 &#8211; 09:39 Uhr<\/p>\n\n\n\n<h5 class=\"wp-block-heading\">Mark Landin &#8211; OT Sch\u00f6nermark<\/h5>\n\n\n\n<h5 class=\"wp-block-heading\"><strong>12\/17 H: T\u00fcrnot\u00f6ffnung<\/strong><\/h5>\n\n\n\n<p>26.04.2017<\/p>\n\n\n\n<h5 class=\"wp-block-heading\">Pinnow<\/h5>\n\n\n\n<h5 class=\"wp-block-heading\"><strong>11\/17 H: Kommunal&nbsp;<\/strong><\/h5>\n\n\n\n<p>22.04.2017<\/p>\n\n\n\n<h5 class=\"wp-block-heading\">Mark Landin &#8211; OT Landin<\/h5>\n\n\n\n<h5 class=\"wp-block-heading\"><strong>10\/17 B: Geb\u00e4ude klein<\/strong><\/h5>\n\n\n\n<p>01.04.2017<\/p>\n\n\n\n<h5 class=\"wp-block-heading\">Mark Landin &#8211; OT Gr\u00fcnow<\/h5>\n\n\n\n<h5 class=\"wp-block-heading\"><strong>09\/17 H: \u00d6l Land<\/strong><\/h5>\n\n\n\n<p>25.03.2017 &#8211; 16:21 Uhr<\/p>\n\n\n\n<h5 class=\"wp-block-heading\">Mark Landin &#8211; OT Sch\u00f6nermark<\/h5>\n\n\n\n<h5 class=\"wp-block-heading\"><strong>08\/17 H: Verkehrsunfall mit Personenschaden<\/strong><\/h5>\n\n\n\n<p>15.03.2017 &#8211; 19:56 Uhr<\/p>\n\n\n\n<h5 class=\"wp-block-heading\">Mark Landin &#8211; OTLandin<\/h5>\n\n\n\n<h5 class=\"wp-block-heading\"><strong>07\/17 H: Gefahrgut gro\u00df<\/strong><\/h5>\n\n\n\n<p>03.02.2017 &#8211; 04:23 Uhr<\/p>\n\n\n\n<h5 class=\"wp-block-heading\">B2 &#8211; Pinnow &#8211; Kreisverkehr<\/h5>\n\n\n\n<h5 class=\"wp-block-heading\"><strong>06\/17 H: Gefahrgut gro\u00df<\/strong><\/h5>\n\n\n\n<p>03.02.2017 &#8211; 04:23 Uhr<\/p>\n\n\n\n<h5 class=\"wp-block-heading\">B2 &#8211; Pinnow &#8211; Kreisverkehr<\/h5>\n\n\n\n<h5 class=\"wp-block-heading\"><strong>05\/17 H: Kommunal<\/strong><\/h5>\n\n\n\n<p>28.02.2017 &#8211; 11:13 Uhr<\/p>\n\n\n\n<h5 class=\"wp-block-heading\">OT Sch\u00f6nerberg<\/h5>\n\n\n\n<h5 class=\"wp-block-heading\"><strong>04\/17 H: Gefahrgut klein<\/strong><\/h5>\n\n\n\n<p>03.02.2017 &#8211; 04:23 Uhr<\/p>\n\n\n\n<h5 class=\"wp-block-heading\">B2 &#8211; Pinnow &#8211; Kreisverkehr<\/h5>\n\n\n\n<h5 class=\"wp-block-heading\"><strong>03\/17 H: Verkehrsunfall mit Personenschaden<\/strong><\/h5>\n\n\n\n<p>27.01.2017 &#8211; 11:36 Uhr<\/p>\n\n\n\n<h5 class=\"wp-block-heading\">B2 &#8211; ca. 300m Hinter Ampelkreuzung in Richtung Angerm\u00fcnde<\/h5>\n\n\n\n<h5 class=\"wp-block-heading\"><strong>02\/17 H: Verkehrsunfall mit Personenschaden<\/strong><\/h5>\n\n\n\n<p>25.01.2017 &#8211; 15:52 Uhr<\/p>\n\n\n\n<h5 class=\"wp-block-heading\">Landin Stendeler Weg<\/h5>\n\n\n\n<h5 class=\"wp-block-heading\"><strong>01\/17 H: Verkehrsunfall mit Personenschaden<\/strong><\/h5>\n\n\n\n<p>14.01.2017 &#8211; 16:46 Uhr<\/p>\n\n\n\n<h5 class=\"wp-block-heading\">B2 &#8211; Pinnow in Richtung Schwedt<\/h5>\n\n\n\n<p><\/p>\n","protected":false},"excerpt":{"rendered":"<p>Eins\u00e4tze 44\/17 B: Geb\u00e4ude-Gross Scheunenbrand 29.12.2017 Passow-Wedemark 43\/17 Hilfeleistung \u00d6l Land 12.12.2017 Pinnow &#8211; Frauenhagen 42\/17 Hilfeleistung \u00d6l Land 21.11.2017 Niederlandin 41\/17 Absicherung Halloweenfest Kita 03.10.2017 Hohenlandin 40\/17 Brand Geb\u00e4ude gro\u00df 03.10.2017 Niederlandin&nbsp; Bericht der M\u00e4rkischen Oderzeitung 39\/17 Hilfeleistung Natur &hellip; <a href=\"https:\/\/feuerwehr-landin.de\/?page_id=63\">Weiterlesen <span class=\"meta-nav\">&rarr;<\/span><\/a><\/p>\n","protected":false},"author":1,"featured_media":0,"parent":0,"menu_order":0,"comment_status":"closed","ping_status":"closed","template":"","meta":{"footnotes":""},"class_list":["post-63","page","type-page","status-publish","hentry"],"_links":{"self":[{"href":"https:\/\/feuerwehr-landin.de\/index.php?rest_route=\/wp\/v2\/pages\/63","targetHints":{"allow":["GET"]}}],"collection":[{"href":"https:\/\/feuerwehr-landin.de\/index.php?rest_route=\/wp\/v2\/pages"}],"about":[{"href":"https:\/\/feuerwehr-landin.de\/index.php?rest_route=\/wp\/v2\/types\/page"}],"author":[{"embeddable":true,"href":"https:\/\/feuerwehr-landin.de\/index.php?rest_route=\/wp\/v2\/users\/1"}],"replies":[{"embeddable":true,"href":"https:\/\/feuerwehr-landin.de\/index.php?rest_route=%2Fwp%2Fv2%2Fcomments&post=63"}],"version-history":[{"count":1,"href":"https:\/\/feuerwehr-landin.de\/index.php?rest_route=\/wp\/v2\/pages\/63\/revisions"}],"predecessor-version":[{"id":64,"href":"https:\/\/feuerwehr-landin.de\/index.php?rest_route=\/wp\/v2\/pages\/63\/revisions\/64"}],"wp:attachment":[{"href":"https:\/\/feuerwehr-landin.de\/index.php?rest_route=%2Fwp%2Fv2%2Fmedia&parent=63"}],"curies":[{"name":"wp","href":"https:\/\/api.w.org\/{rel}","templated":true}]}}